{"id":4116,"date":"2022-08-31T13:23:11","date_gmt":"2022-08-31T13:23:11","guid":{"rendered":"https:\/\/www.akeldekorasyon.com\/en\/?page_id=4116"},"modified":"2022-09-05T14:11:28","modified_gmt":"2022-09-05T14:11:28","slug":"our-projects","status":"publish","type":"page","link":"https:\/\/www.akeldekorasyon.com\/en\/our-projects\/","title":{"rendered":"\u00a0OUR PROJECTS"},"content":{"rendered":"\t\t<div data-elementor-type=\"wp-page\" data-elementor-id=\"4116\" class=\"elementor elementor-4116\">\n\t\t\t\t\t\t\t\t\t<section class=\"elementor-section elementor-top-section elementor-element elementor-element-56f6f89 elementor-section-boxed elementor-section-height-default elementor-section-height-default elementor-invisible\" data-id=\"56f6f89\" data-element_type=\"section\" data-settings=\"{&quot;animation&quot;:&quot;fadeInDown&quot;}\">\n\t\t\t\t\t\t<div class=\"elementor-container elementor-column-gap-default\">\n\t\t\t\t\t<div class=\"elementor-column elementor-col-100 elementor-top-column elementor-element elementor-element-55b01e4\" data-id=\"55b01e4\" data-element_type=\"column\">\n\t\t\t<div class=\"elementor-widget-wrap elementor-element-populated\">\n\t\t\t\t\t\t\t\t<div class=\"elementor-element elementor-element-5cd86f5 elementor-widget elementor-widget-apus_element_projects\" data-id=\"5cd86f5\" data-element_type=\"widget\" data-widget_type=\"apus_element_projects.default\">\n\t\t\t\t<div class=\"elementor-widget-container\">\n\t\t\t            <div class=\"widget-projects mansory \">\n                <div class=\"widget-content\">\n\n                                            <div class=\"widget-projects-mansory style2\">\n                                                        \n                            <div class=\"tab-content-top container style2\">\n                                                                <ul class=\"isotope-filter\" data-related-grid=\"our-projects-7lBxP\">\n                                    <li><a href=\"javascript:void(0);\" data-filter=\".all\">All<\/a><\/li>\n                                                                                <li><a href=\"javascript:void(0);\" data-filter=\".home-decoration\">HOME DECORATION<\/a><\/li>\n                                                                                        <li><a href=\"javascript:void(0);\" data-filter=\".hotel-projects\">HOTEL PROJECTS<\/a><\/li>\n                                                                                        <li><a href=\"javascript:void(0);\" data-filter=\".office-projects\">OFFICE PROJECTS<\/a><\/li>\n                                                                                        <li><a href=\"javascript:void(0);\" data-filter=\".restaurant-projects\">RESTAURANT PROJECTS<\/a><\/li>\n                                                                            <\/ul>\n                            <\/div>                            \n\n                            <div id=\"our-projects-7lBxP\"  class=\"isotope-items row\" data-isotope-duration=\"400\" data-columnwidth=\".col-sm-4\">\n                                \n                                                                    <div class=\"isotope-item col-sm-4 col-xs-12 all \">\n                                        <article class=\"project-style1 post-4712 project type-project status-publish has-post-thumbnail hentry\">\n\t<div class=\"project-container\">\n\t\t<div class=\"project-box\">\n\t\t\t\t\t\t\t<div class=\"project-thumb\">\n\t\t\t\t\t<a class=\"post-thumbnail\" href=\"https:\/\/www.akeldekorasyon.com\/en\/project\/calik-holding-giris\/\" aria-hidden=\"true\">\n\t\t\t\t\t\t<img decoding=\"async\" width=\"410\" height=\"410\" src=\"https:\/\/www.akeldekorasyon.com\/en\/wp-content\/uploads\/2022\/08\/zorlu-ofis-projesi-410x410.jpg\" class=\"attachment-woocommerce_gallery_thumbnail size-woocommerce_gallery_thumbnail wp-post-image\" alt=\"\u00c7ALIK HOLD\u0130NG G\u0130R\u0130\u015e\" srcset=\"https:\/\/www.akeldekorasyon.com\/en\/wp-content\/uploads\/2022\/08\/zorlu-ofis-projesi-410x410.jpg 410w, https:\/\/www.akeldekorasyon.com\/en\/wp-content\/uploads\/2022\/08\/zorlu-ofis-projesi-150x150.jpg 150w, https:\/\/www.akeldekorasyon.com\/en\/wp-content\/uploads\/2022\/08\/zorlu-ofis-projesi-300x300.jpg 300w\" sizes=\"(max-width: 410px) 100vw, 410px\" \/>\t\t\t\t\t<\/a>\n\t\t\t\t<\/div>\n\t\t\t\t\t\t<div class=\"project-content-box\">\n\t\t\t\t<div class=\"project-content-box-content\">\n\t\t\t\t\t<h3 class=\"entry-title\"><a href=\"https:\/\/www.akeldekorasyon.com\/en\/project\/calik-holding-giris\/\" rel=\"bookmark\">\u00c7ALIK HOLD\u0130NG G\u0130R\u0130\u015e<\/a><\/h3>\t\t\n\t\t\t\t\t<div class=\"description\">ZORLU EV PROJES\u0130<\/div>\t\n\t\t\t\t<\/div>\n\t\t\t<\/div>\n\t\t<\/div>\n\t<\/div>\n<\/article>                                    <\/div>\n                                                                    <div class=\"isotope-item col-sm-4 col-xs-12 all home-decoration\">\n                                        <article class=\"project-style1 post-4699 project type-project status-publish has-post-thumbnail hentry project_category-home-decoration\">\n\t<div class=\"project-container\">\n\t\t<div class=\"project-box\">\n\t\t\t\t\t\t\t<div class=\"project-thumb\">\n\t\t\t\t\t<a class=\"post-thumbnail\" href=\"https:\/\/www.akeldekorasyon.com\/en\/project\/bodrum-evi-2\/\" aria-hidden=\"true\">\n\t\t\t\t\t\t<img decoding=\"async\" width=\"410\" height=\"410\" src=\"https:\/\/www.akeldekorasyon.com\/en\/wp-content\/uploads\/2022\/10\/Bodrum-evi-4-410x410.jpg\" class=\"attachment-woocommerce_gallery_thumbnail size-woocommerce_gallery_thumbnail wp-post-image\" alt=\"BODRUM EV\u0130 2\" srcset=\"https:\/\/www.akeldekorasyon.com\/en\/wp-content\/uploads\/2022\/10\/Bodrum-evi-4-410x410.jpg 410w, https:\/\/www.akeldekorasyon.com\/en\/wp-content\/uploads\/2022\/10\/Bodrum-evi-4-150x150.jpg 150w, https:\/\/www.akeldekorasyon.com\/en\/wp-content\/uploads\/2022\/10\/Bodrum-evi-4-300x300.jpg 300w\" sizes=\"(max-width: 410px) 100vw, 410px\" \/>\t\t\t\t\t<\/a>\n\t\t\t\t<\/div>\n\t\t\t\t\t\t<div class=\"project-content-box\">\n\t\t\t\t<div class=\"project-content-box-content\">\n\t\t\t\t\t<h3 class=\"entry-title\"><a href=\"https:\/\/www.akeldekorasyon.com\/en\/project\/bodrum-evi-2\/\" rel=\"bookmark\">BODRUM EV\u0130 2<\/a><\/h3>\t\t\n\t\t\t\t\t<div class=\"description\">AL\u0130 G\u00d6KSU EV\u0130<\/div>\t\n\t\t\t\t<\/div>\n\t\t\t<\/div>\n\t\t<\/div>\n\t<\/div>\n<\/article>                                    <\/div>\n                                                                    <div class=\"isotope-item col-sm-4 col-xs-12 all hotel-projects\">\n                                        <article class=\"project-style1 post-4682 project type-project status-publish has-post-thumbnail hentry project_category-hotel-projects\">\n\t<div class=\"project-container\">\n\t\t<div class=\"project-box\">\n\t\t\t\t\t\t\t<div class=\"project-thumb\">\n\t\t\t\t\t<a class=\"post-thumbnail\" href=\"https:\/\/www.akeldekorasyon.com\/en\/project\/bodrum-amanruya-otel\/\" aria-hidden=\"true\">\n\t\t\t\t\t\t<img decoding=\"async\" width=\"410\" height=\"410\" src=\"https:\/\/www.akeldekorasyon.com\/en\/wp-content\/uploads\/2022\/10\/bodrum-amanruya-otel_4-410x410.jpg\" class=\"attachment-woocommerce_gallery_thumbnail size-woocommerce_gallery_thumbnail wp-post-image\" alt=\"BODRUM AMANRUYA OTEL\" srcset=\"https:\/\/www.akeldekorasyon.com\/en\/wp-content\/uploads\/2022\/10\/bodrum-amanruya-otel_4-410x410.jpg 410w, https:\/\/www.akeldekorasyon.com\/en\/wp-content\/uploads\/2022\/10\/bodrum-amanruya-otel_4-150x150.jpg 150w, https:\/\/www.akeldekorasyon.com\/en\/wp-content\/uploads\/2022\/10\/bodrum-amanruya-otel_4-300x300.jpg 300w\" sizes=\"(max-width: 410px) 100vw, 410px\" \/>\t\t\t\t\t<\/a>\n\t\t\t\t<\/div>\n\t\t\t\t\t\t<div class=\"project-content-box\">\n\t\t\t\t<div class=\"project-content-box-content\">\n\t\t\t\t\t<h3 class=\"entry-title\"><a href=\"https:\/\/www.akeldekorasyon.com\/en\/project\/bodrum-amanruya-otel\/\" rel=\"bookmark\">BODRUM AMANRUYA OTEL<\/a><\/h3>\t\t\n\t\t\t\t\t<div class=\"description\">BODRUM AMANRUYA OTEL<\/div>\t\n\t\t\t\t<\/div>\n\t\t\t<\/div>\n\t\t<\/div>\n\t<\/div>\n<\/article>                                    <\/div>\n                                                                    <div class=\"isotope-item col-sm-4 col-xs-12 all home-decoration\">\n                                        <article class=\"project-style1 post-4674 project type-project status-publish has-post-thumbnail hentry project_category-home-decoration\">\n\t<div class=\"project-container\">\n\t\t<div class=\"project-box\">\n\t\t\t\t\t\t\t<div class=\"project-thumb\">\n\t\t\t\t\t<a class=\"post-thumbnail\" href=\"https:\/\/www.akeldekorasyon.com\/en\/project\/ali-goksu-evi\/\" aria-hidden=\"true\">\n\t\t\t\t\t\t<img decoding=\"async\" width=\"410\" height=\"410\" src=\"https:\/\/www.akeldekorasyon.com\/en\/wp-content\/uploads\/2022\/10\/ali-goksu-evi_2-410x410.jpg\" class=\"attachment-woocommerce_gallery_thumbnail size-woocommerce_gallery_thumbnail wp-post-image\" alt=\"ZEYT\u0130NBURNU EV\u0130\" srcset=\"https:\/\/www.akeldekorasyon.com\/en\/wp-content\/uploads\/2022\/10\/ali-goksu-evi_2-410x410.jpg 410w, https:\/\/www.akeldekorasyon.com\/en\/wp-content\/uploads\/2022\/10\/ali-goksu-evi_2-150x150.jpg 150w, https:\/\/www.akeldekorasyon.com\/en\/wp-content\/uploads\/2022\/10\/ali-goksu-evi_2-300x300.jpg 300w\" sizes=\"(max-width: 410px) 100vw, 410px\" \/>\t\t\t\t\t<\/a>\n\t\t\t\t<\/div>\n\t\t\t\t\t\t<div class=\"project-content-box\">\n\t\t\t\t<div class=\"project-content-box-content\">\n\t\t\t\t\t<h3 class=\"entry-title\"><a href=\"https:\/\/www.akeldekorasyon.com\/en\/project\/ali-goksu-evi\/\" rel=\"bookmark\">ZEYT\u0130NBURNU EV\u0130<\/a><\/h3>\t\t\n\t\t\t\t\t<div class=\"description\">AL\u0130 G\u00d6KSU EV\u0130<\/div>\t\n\t\t\t\t<\/div>\n\t\t\t<\/div>\n\t\t<\/div>\n\t<\/div>\n<\/article>                                    <\/div>\n                                                                    <div class=\"isotope-item col-sm-4 col-xs-12 all restaurant-projects\">\n                                        <article class=\"project-style1 post-4399 project type-project status-publish has-post-thumbnail hentry project_category-restaurant-projects\">\n\t<div class=\"project-container\">\n\t\t<div class=\"project-box\">\n\t\t\t\t\t\t\t<div class=\"project-thumb\">\n\t\t\t\t\t<a class=\"post-thumbnail\" href=\"https:\/\/www.akeldekorasyon.com\/en\/project\/zeyrek-cafe\/\" aria-hidden=\"true\">\n\t\t\t\t\t\t<img decoding=\"async\" width=\"410\" height=\"410\" src=\"https:\/\/www.akeldekorasyon.com\/en\/wp-content\/uploads\/2022\/08\/zeyrek-cafe-410x410.jpg\" class=\"attachment-woocommerce_gallery_thumbnail size-woocommerce_gallery_thumbnail wp-post-image\" alt=\"ZEYREK CAFE\" srcset=\"https:\/\/www.akeldekorasyon.com\/en\/wp-content\/uploads\/2022\/08\/zeyrek-cafe-410x410.jpg 410w, https:\/\/www.akeldekorasyon.com\/en\/wp-content\/uploads\/2022\/08\/zeyrek-cafe-150x150.jpg 150w, https:\/\/www.akeldekorasyon.com\/en\/wp-content\/uploads\/2022\/08\/zeyrek-cafe-300x300.jpg 300w\" sizes=\"(max-width: 410px) 100vw, 410px\" \/>\t\t\t\t\t<\/a>\n\t\t\t\t<\/div>\n\t\t\t\t\t\t<div class=\"project-content-box\">\n\t\t\t\t<div class=\"project-content-box-content\">\n\t\t\t\t\t<h3 class=\"entry-title\"><a href=\"https:\/\/www.akeldekorasyon.com\/en\/project\/zeyrek-cafe\/\" rel=\"bookmark\">ZEYREK CAFE<\/a><\/h3>\t\t\n\t\t\t\t\t<div class=\"description\">ZEYREK CAFE<\/div>\t\n\t\t\t\t<\/div>\n\t\t\t<\/div>\n\t\t<\/div>\n\t<\/div>\n<\/article>                                    <\/div>\n                                                                    <div class=\"isotope-item col-sm-4 col-xs-12 all hotel-projects\">\n                                        <article class=\"project-style1 post-4308 project type-project status-publish has-post-thumbnail hentry project_category-hotel-projects\">\n\t<div class=\"project-container\">\n\t\t<div class=\"project-box\">\n\t\t\t\t\t\t\t<div class=\"project-thumb\">\n\t\t\t\t\t<a class=\"post-thumbnail\" href=\"https:\/\/www.akeldekorasyon.com\/en\/project\/taksim-otel\/\" aria-hidden=\"true\">\n\t\t\t\t\t\t<img decoding=\"async\" width=\"410\" height=\"410\" src=\"https:\/\/www.akeldekorasyon.com\/en\/wp-content\/uploads\/2022\/08\/taksim-otel-21-410x410.jpg\" class=\"attachment-woocommerce_gallery_thumbnail size-woocommerce_gallery_thumbnail wp-post-image\" alt=\"TAKS\u0130M HOTEL\" srcset=\"https:\/\/www.akeldekorasyon.com\/en\/wp-content\/uploads\/2022\/08\/taksim-otel-21-410x410.jpg 410w, https:\/\/www.akeldekorasyon.com\/en\/wp-content\/uploads\/2022\/08\/taksim-otel-21-150x150.jpg 150w, https:\/\/www.akeldekorasyon.com\/en\/wp-content\/uploads\/2022\/08\/taksim-otel-21-300x300.jpg 300w\" sizes=\"(max-width: 410px) 100vw, 410px\" \/>\t\t\t\t\t<\/a>\n\t\t\t\t<\/div>\n\t\t\t\t\t\t<div class=\"project-content-box\">\n\t\t\t\t<div class=\"project-content-box-content\">\n\t\t\t\t\t<h3 class=\"entry-title\"><a href=\"https:\/\/www.akeldekorasyon.com\/en\/project\/taksim-otel\/\" rel=\"bookmark\">TAKS\u0130M HOTEL<\/a><\/h3>\t\t\n\t\t\t\t\t<div class=\"description\">TAKS\u0130M OTEL<\/div>\t\n\t\t\t\t<\/div>\n\t\t\t<\/div>\n\t\t<\/div>\n\t<\/div>\n<\/article>                                    <\/div>\n                                                                    <div class=\"isotope-item col-sm-4 col-xs-12 all \">\n                                        <article class=\"project-style1 post-4188 project type-project status-publish has-post-thumbnail hentry\">\n\t<div class=\"project-container\">\n\t\t<div class=\"project-box\">\n\t\t\t\t\t\t\t<div class=\"project-thumb\">\n\t\t\t\t\t<a class=\"post-thumbnail\" href=\"https:\/\/www.akeldekorasyon.com\/en\/project\/sapanca-2\/\" aria-hidden=\"true\">\n\t\t\t\t\t\t<img decoding=\"async\" width=\"410\" height=\"410\" src=\"https:\/\/www.akeldekorasyon.com\/en\/wp-content\/uploads\/2022\/08\/sapanca-2-13-410x410.jpg\" class=\"attachment-woocommerce_gallery_thumbnail size-woocommerce_gallery_thumbnail wp-post-image\" alt=\"SAPANCA 2\" srcset=\"https:\/\/www.akeldekorasyon.com\/en\/wp-content\/uploads\/2022\/08\/sapanca-2-13-410x410.jpg 410w, https:\/\/www.akeldekorasyon.com\/en\/wp-content\/uploads\/2022\/08\/sapanca-2-13-150x150.jpg 150w, https:\/\/www.akeldekorasyon.com\/en\/wp-content\/uploads\/2022\/08\/sapanca-2-13-300x300.jpg 300w\" sizes=\"(max-width: 410px) 100vw, 410px\" \/>\t\t\t\t\t<\/a>\n\t\t\t\t<\/div>\n\t\t\t\t\t\t<div class=\"project-content-box\">\n\t\t\t\t<div class=\"project-content-box-content\">\n\t\t\t\t\t<h3 class=\"entry-title\"><a href=\"https:\/\/www.akeldekorasyon.com\/en\/project\/sapanca-2\/\" rel=\"bookmark\">SAPANCA 2<\/a><\/h3>\t\t\n\t\t\t\t\t<div class=\"description\">SAPANCA 2<\/div>\t\n\t\t\t\t<\/div>\n\t\t\t<\/div>\n\t\t<\/div>\n\t<\/div>\n<\/article>                                    <\/div>\n                                                                    <div class=\"isotope-item col-sm-4 col-xs-12 all hotel-projects\">\n                                        <article class=\"project-style1 post-4186 project type-project status-publish has-post-thumbnail hentry project_category-hotel-projects\">\n\t<div class=\"project-container\">\n\t\t<div class=\"project-box\">\n\t\t\t\t\t\t\t<div class=\"project-thumb\">\n\t\t\t\t\t<a class=\"post-thumbnail\" href=\"https:\/\/www.akeldekorasyon.com\/en\/project\/sapanca-1\/\" aria-hidden=\"true\">\n\t\t\t\t\t\t<img decoding=\"async\" width=\"410\" height=\"410\" src=\"https:\/\/www.akeldekorasyon.com\/en\/wp-content\/uploads\/2022\/08\/sapanca-17-410x410.jpg\" class=\"attachment-woocommerce_gallery_thumbnail size-woocommerce_gallery_thumbnail wp-post-image\" alt=\"SAPANCA 1\" srcset=\"https:\/\/www.akeldekorasyon.com\/en\/wp-content\/uploads\/2022\/08\/sapanca-17-410x410.jpg 410w, https:\/\/www.akeldekorasyon.com\/en\/wp-content\/uploads\/2022\/08\/sapanca-17-150x150.jpg 150w, https:\/\/www.akeldekorasyon.com\/en\/wp-content\/uploads\/2022\/08\/sapanca-17-300x300.jpg 300w\" sizes=\"(max-width: 410px) 100vw, 410px\" \/>\t\t\t\t\t<\/a>\n\t\t\t\t<\/div>\n\t\t\t\t\t\t<div class=\"project-content-box\">\n\t\t\t\t<div class=\"project-content-box-content\">\n\t\t\t\t\t<h3 class=\"entry-title\"><a href=\"https:\/\/www.akeldekorasyon.com\/en\/project\/sapanca-1\/\" rel=\"bookmark\">SAPANCA 1<\/a><\/h3>\t\t\n\t\t\t\t\t<div class=\"description\">SAPANCA 1<\/div>\t\n\t\t\t\t<\/div>\n\t\t\t<\/div>\n\t\t<\/div>\n\t<\/div>\n<\/article>                                    <\/div>\n                                                                    <div class=\"isotope-item col-sm-4 col-xs-12 all office-projects\">\n                                        <article class=\"project-style1 post-4175 project type-project status-publish has-post-thumbnail hentry project_category-office-projects\">\n\t<div class=\"project-container\">\n\t\t<div class=\"project-box\">\n\t\t\t\t\t\t\t<div class=\"project-thumb\">\n\t\t\t\t\t<a class=\"post-thumbnail\" href=\"https:\/\/www.akeldekorasyon.com\/en\/project\/havalimanio\/\" aria-hidden=\"true\">\n\t\t\t\t\t\t<img decoding=\"async\" width=\"410\" height=\"410\" src=\"https:\/\/www.akeldekorasyon.com\/en\/wp-content\/uploads\/2022\/08\/Havalimani-2-410x410.jpg\" class=\"attachment-woocommerce_gallery_thumbnail size-woocommerce_gallery_thumbnail wp-post-image\" alt=\"HAVAL\u0130MANI\" srcset=\"https:\/\/www.akeldekorasyon.com\/en\/wp-content\/uploads\/2022\/08\/Havalimani-2-410x410.jpg 410w, https:\/\/www.akeldekorasyon.com\/en\/wp-content\/uploads\/2022\/08\/Havalimani-2-150x150.jpg 150w, https:\/\/www.akeldekorasyon.com\/en\/wp-content\/uploads\/2022\/08\/Havalimani-2-300x300.jpg 300w\" sizes=\"(max-width: 410px) 100vw, 410px\" \/>\t\t\t\t\t<\/a>\n\t\t\t\t<\/div>\n\t\t\t\t\t\t<div class=\"project-content-box\">\n\t\t\t\t<div class=\"project-content-box-content\">\n\t\t\t\t\t<h3 class=\"entry-title\"><a href=\"https:\/\/www.akeldekorasyon.com\/en\/project\/havalimanio\/\" rel=\"bookmark\">HAVAL\u0130MANI<\/a><\/h3>\t\t\n\t\t\t\t\t<div class=\"description\">HAVAL\u0130MANI<\/div>\t\n\t\t\t\t<\/div>\n\t\t\t<\/div>\n\t\t<\/div>\n\t<\/div>\n<\/article>                                    <\/div>\n                                                                    <div class=\"isotope-item col-sm-4 col-xs-12 all office-projects\">\n                                        <article class=\"project-style1 post-4172 project type-project status-publish has-post-thumbnail hentry project_category-office-projects\">\n\t<div class=\"project-container\">\n\t\t<div class=\"project-box\">\n\t\t\t\t\t\t\t<div class=\"project-thumb\">\n\t\t\t\t\t<a class=\"post-thumbnail\" href=\"https:\/\/www.akeldekorasyon.com\/en\/project\/good-job-ofis\/\" aria-hidden=\"true\">\n\t\t\t\t\t\t<img decoding=\"async\" width=\"410\" height=\"410\" src=\"https:\/\/www.akeldekorasyon.com\/en\/wp-content\/uploads\/2022\/08\/ab8b6b3e-95c3-44fd-9f55-3bcceb3d8648-410x410.jpg\" class=\"attachment-woocommerce_gallery_thumbnail size-woocommerce_gallery_thumbnail wp-post-image\" alt=\"GOOD JOB OF\u0130CE\" srcset=\"https:\/\/www.akeldekorasyon.com\/en\/wp-content\/uploads\/2022\/08\/ab8b6b3e-95c3-44fd-9f55-3bcceb3d8648-410x410.jpg 410w, https:\/\/www.akeldekorasyon.com\/en\/wp-content\/uploads\/2022\/08\/ab8b6b3e-95c3-44fd-9f55-3bcceb3d8648-150x150.jpg 150w, https:\/\/www.akeldekorasyon.com\/en\/wp-content\/uploads\/2022\/08\/ab8b6b3e-95c3-44fd-9f55-3bcceb3d8648-300x300.jpg 300w\" sizes=\"(max-width: 410px) 100vw, 410px\" \/>\t\t\t\t\t<\/a>\n\t\t\t\t<\/div>\n\t\t\t\t\t\t<div class=\"project-content-box\">\n\t\t\t\t<div class=\"project-content-box-content\">\n\t\t\t\t\t<h3 class=\"entry-title\"><a href=\"https:\/\/www.akeldekorasyon.com\/en\/project\/good-job-ofis\/\" rel=\"bookmark\">GOOD JOB OF\u0130CE<\/a><\/h3>\t\t\n\t\t\t\t\t<div class=\"description\">BODRUM EV\u0130<\/div>\t\n\t\t\t\t<\/div>\n\t\t\t<\/div>\n\t\t<\/div>\n\t<\/div>\n<\/article>                                    <\/div>\n                                                                    <div class=\"isotope-item col-sm-4 col-xs-12 all home-decoration\">\n                                        <article class=\"project-style1 post-4170 project type-project status-publish has-post-thumbnail hentry project_category-home-decoration\">\n\t<div class=\"project-container\">\n\t\t<div class=\"project-box\">\n\t\t\t\t\t\t\t<div class=\"project-thumb\">\n\t\t\t\t\t<a class=\"post-thumbnail\" href=\"https:\/\/www.akeldekorasyon.com\/en\/project\/bomonti-evi\/\" aria-hidden=\"true\">\n\t\t\t\t\t\t<img decoding=\"async\" width=\"410\" height=\"410\" src=\"https:\/\/www.akeldekorasyon.com\/en\/wp-content\/uploads\/2022\/08\/bomonti-evi-7-410x410.jpg\" class=\"attachment-woocommerce_gallery_thumbnail size-woocommerce_gallery_thumbnail wp-post-image\" alt=\"BOMONT\u0130 HOME\" srcset=\"https:\/\/www.akeldekorasyon.com\/en\/wp-content\/uploads\/2022\/08\/bomonti-evi-7-410x410.jpg 410w, https:\/\/www.akeldekorasyon.com\/en\/wp-content\/uploads\/2022\/08\/bomonti-evi-7-150x150.jpg 150w, https:\/\/www.akeldekorasyon.com\/en\/wp-content\/uploads\/2022\/08\/bomonti-evi-7-300x300.jpg 300w\" sizes=\"(max-width: 410px) 100vw, 410px\" \/>\t\t\t\t\t<\/a>\n\t\t\t\t<\/div>\n\t\t\t\t\t\t<div class=\"project-content-box\">\n\t\t\t\t<div class=\"project-content-box-content\">\n\t\t\t\t\t<h3 class=\"entry-title\"><a href=\"https:\/\/www.akeldekorasyon.com\/en\/project\/bomonti-evi\/\" rel=\"bookmark\">BOMONT\u0130 HOME<\/a><\/h3>\t\t\n\t\t\t\t\t<div class=\"description\">BOMONT\u0130 EV\u0130<\/div>\t\n\t\t\t\t<\/div>\n\t\t\t<\/div>\n\t\t<\/div>\n\t<\/div>\n<\/article>                                    <\/div>\n                                                                    <div class=\"isotope-item col-sm-4 col-xs-12 all home-decoration\">\n                                        <article class=\"project-style1 post-810 project type-project status-publish has-post-thumbnail hentry project_category-home-decoration\">\n\t<div class=\"project-container\">\n\t\t<div class=\"project-box\">\n\t\t\t\t\t\t\t<div class=\"project-thumb\">\n\t\t\t\t\t<a class=\"post-thumbnail\" href=\"https:\/\/www.akeldekorasyon.com\/en\/project\/bodrum-evi\/\" aria-hidden=\"true\">\n\t\t\t\t\t\t<img decoding=\"async\" width=\"410\" height=\"410\" src=\"https:\/\/www.akeldekorasyon.com\/en\/wp-content\/uploads\/2022\/08\/akel-bodrum-evi-4-410x410.jpg\" class=\"attachment-woocommerce_gallery_thumbnail size-woocommerce_gallery_thumbnail wp-post-image\" alt=\"BODRUM HOME\" srcset=\"https:\/\/www.akeldekorasyon.com\/en\/wp-content\/uploads\/2022\/08\/akel-bodrum-evi-4-410x410.jpg 410w, https:\/\/www.akeldekorasyon.com\/en\/wp-content\/uploads\/2022\/08\/akel-bodrum-evi-4-150x150.jpg 150w, https:\/\/www.akeldekorasyon.com\/en\/wp-content\/uploads\/2022\/08\/akel-bodrum-evi-4-300x300.jpg 300w\" sizes=\"(max-width: 410px) 100vw, 410px\" \/>\t\t\t\t\t<\/a>\n\t\t\t\t<\/div>\n\t\t\t\t\t\t<div class=\"project-content-box\">\n\t\t\t\t<div class=\"project-content-box-content\">\n\t\t\t\t\t<h3 class=\"entry-title\"><a href=\"https:\/\/www.akeldekorasyon.com\/en\/project\/bodrum-evi\/\" rel=\"bookmark\">BODRUM HOME<\/a><\/h3>\t\t\n\t\t\t\t\t<div class=\"description\">BODRUM EV\u0130<\/div>\t\n\t\t\t\t<\/div>\n\t\t\t<\/div>\n\t\t<\/div>\n\t<\/div>\n<\/article>                                    <\/div>\n                                                            <\/div>\n                        <\/div>\n                                                        <\/div>\n            <\/div>\n            \t\t<\/div>\n\t\t\t\t<\/div>\n\t\t\t\t\t<\/div>\n\t\t<\/div>\n\t\t\t\t\t\t\t<\/div>\n\t\t<\/section>\n\t\t\t\t\t\t\t<\/div>\n\t\t","protected":false},"excerpt":{"rendered":"<p>All HOME DECORATION HOTEL PROJECTS OFFICE PROJECTS RESTAURANT PROJECTS SAPANCA 2 SAPANCA 2 ZORLU OF\u0130S PROJES\u0130 ZORLU EV PROJES\u0130 ZORLU HOME PROJECT ZORLU EV PROJES\u0130 ZEYREK CAFE ZEYREK CAFE YE\u015e\u0130LVAD\u0130 2 YE\u015e\u0130LVAD\u0130 2 TAKS\u0130M HOTEL TAKS\u0130M OTEL SAPANCA 2 SAPANCA 2 SAPANCA 1 SAPANCA 1 HAVAL\u0130MANI HAVAL\u0130MANI GOOD JOB OF\u0130CE BODRUM EV\u0130 BOMONT\u0130 HOME BOMONT\u0130 &hellip; <br \/><a href=\"https:\/\/www.akeldekorasyon.com\/en\/project\/bodrum-evi\/\" class=\"more-link\">Continue reading <span class=\"screen-reader-text\">BODRUM HOME<\/span><\/a><\/p>\n","protected":false},"author":1,"featured_media":0,"parent":0,"menu_order":0,"comment_status":"closed","ping_status":"closed","template":"","meta":{"footnotes":""},"class_list":["post-4116","page","type-page","status-publish","hentry"],"_links":{"self":[{"href":"https:\/\/www.akeldekorasyon.com\/en\/wp-json\/wp\/v2\/pages\/4116","targetHints":{"allow":["GET"]}}],"collection":[{"href":"https:\/\/www.akeldekorasyon.com\/en\/wp-json\/wp\/v2\/pages"}],"about":[{"href":"https:\/\/www.akeldekorasyon.com\/en\/wp-json\/wp\/v2\/types\/page"}],"author":[{"embeddable":true,"href":"https:\/\/www.akeldekorasyon.com\/en\/wp-json\/wp\/v2\/users\/1"}],"replies":[{"embeddable":true,"href":"https:\/\/www.akeldekorasyon.com\/en\/wp-json\/wp\/v2\/comments?post=4116"}],"version-history":[{"count":18,"href":"https:\/\/www.akeldekorasyon.com\/en\/wp-json\/wp\/v2\/pages\/4116\/revisions"}],"predecessor-version":[{"id":4660,"href":"https:\/\/www.akeldekorasyon.com\/en\/wp-json\/wp\/v2\/pages\/4116\/revisions\/4660"}],"wp:attachment":[{"href":"https:\/\/www.akeldekorasyon.com\/en\/wp-json\/wp\/v2\/media?parent=4116"}],"curies":[{"name":"wp","href":"https:\/\/api.w.org\/{rel}","templated":true}]}}